{"id":4570,"date":"2024-02-19T18:15:33","date_gmt":"2024-02-19T18:15:33","guid":{"rendered":"https:\/\/www.spmistow.com.pl\/mistow\/?page_id=4570"},"modified":"2024-02-19T18:24:37","modified_gmt":"2024-02-19T18:24:37","slug":"projekt-muzyka-w-wielu-jezykach","status":"publish","type":"page","link":"https:\/\/www.spmistow.com.pl\/mistow\/projekt-muzyka-w-wielu-jezykach\/","title":{"rendered":"PROJEKT Muzyka w wielu j\u0119zykach"},"content":{"rendered":"\n<p><\/p>\n\n\n\n<figure class=\"wp-block-image size-full\"><a href=\"https:\/\/www.spmistow.com.pl\/mistow\/wp-content\/uploads\/2024\/02\/Zrzut-ekranu-2024-02-19-191238.png\"><img loading=\"lazy\" decoding=\"async\" width=\"812\" height=\"137\" src=\"https:\/\/www.spmistow.com.pl\/mistow\/wp-content\/uploads\/2024\/02\/Zrzut-ekranu-2024-02-19-191238.png\" alt=\"\" class=\"wp-image-4572\" srcset=\"https:\/\/www.spmistow.com.pl\/mistow\/wp-content\/uploads\/2024\/02\/Zrzut-ekranu-2024-02-19-191238.png 812w, https:\/\/www.spmistow.com.pl\/mistow\/wp-content\/uploads\/2024\/02\/Zrzut-ekranu-2024-02-19-191238-300x51.png 300w, https:\/\/www.spmistow.com.pl\/mistow\/wp-content\/uploads\/2024\/02\/Zrzut-ekranu-2024-02-19-191238-768x130.png 768w\" sizes=\"(max-width: 812px) 100vw, 812px\" \/><\/a><\/figure>\n\n\n\n<p>Projekt <a>\u201eMuzyka w wielu j\u0119zykach \u201d<strong> <\/strong><\/a>jest realizowany w ramach realizowana W RAMACH <a>PROGRAMU FUNDUSZE EUROPEJSKIE DLA ROZWOJU SPO\u0141ECZNEGO 2021-2027 wsp\u00f3\u0142finansowanego z Europejskiego Funduszu Spo\u0142ecznego Plus<\/a> na podstawie umowy 2023-1-PL01-KA122-SCH-000150174&nbsp; zawartej pomi\u0119dzy Fundacj\u0105 Rozwoju Systemu Edukacji a Szko\u0142\u0105 Podstawow\u0105 <a>im. <\/a>&nbsp;Jana Paw\u0142a II w Mistowie.<\/p>\n\n\n\n<p>Projekt trwa\u0107 b\u0119dzie 13 miesi\u0119cy \u2013 od 01.12.2023 \u2013 31.12.2024<\/p>\n\n\n\n<p>Projekt obejmuje jeden 8 dniowy wyjazd 18 osobowej grupy uczni\u00f3w pod opiek\u0105 4 nauczycieli&nbsp; do Hiszpanii w celu odbycia zaj\u0119\u0107 merytorycznych wsp\u00f3lnie z uczniami szko\u0142y partnerskiej w Sewilli. Wyjazd zagraniczny b\u0119dzie poprzedzony zaj\u0119ciami przygotowawczymi.<\/p>\n\n\n\n<p><strong>Grupa docelowa uczniowie i uczennice klas VI-VIII <\/strong>Szko\u0142y Podstawowej w Mistowie znajduj\u0105cy si\u0119 w niekorzystnej sytuacji, czyli osoby o tzw. mniejszych szansach ze wzgl\u0119du na: niepe\u0142nosprawno\u015b\u0107, trudno\u015bci edukacyjne, przeszkody natury ekonomicznej, r\u00f3\u017cnice kulturowe, problemy zdrowotne, przeszkody spo\u0142eczne, przeszkody natury geograficznej.<\/p>\n\n\n\n<p>G\u0142\u00f3wnym motywem projektu jest rozw\u00f3j osobisty, poznanie i szacunek do innej kultury i tradycji. Uczniowie zar\u00f3wno z naszej szko\u0142y jak i szko\u0142y w Hiszpanii podziel\u0105 si\u0119 swoimi tradycjami, histori\u0105, kultur\u0105 oraz rodowymi ta\u0144cami. M\u0142odzie\u017c b\u0119dzie si\u0119 porozumiewa\u0107 w j\u0119zyku angielskim co pozwoli im na praktyk\u0119 i zwi\u0119kszenie swoich umiej\u0119tno\u015bci w tym j\u0119zyku. B\u0119d\u0105 r\u00f3wnie\u017c realizowa\u0107 podstaw\u0119 programow\u0105 z j\u0119zyka angielskiego, muzyki oraz historii Hiszpanii.<\/p>\n\n\n\n<p>G\u0142\u00f3wnym celem projektu jest wyr\u00f3wnanie szans kszta\u0142cenia si\u0119 uczni\u00f3w szko\u0142y w Mistowie, kt\u00f3rzy zamieszkuj\u0105c obszary wiejskie nie maj\u0105 takich mo\u017cliwo\u015bci jak uczniowie ze szk\u00f3\u0142 z<\/p>\n\n\n\n<p>du\u017cych miast.<\/p>\n\n\n\n<p>Mo\u017cliwe to b\u0119dzie poprzez:<\/p>\n\n\n\n<p>Wzrost umiej\u0119tno\u015bci pos\u0142ugiwania si\u0119 j\u0119zykiem angielskim<\/p>\n\n\n\n<p>Rozw\u00f3j kreatywno\u015bci i pasji, poznawanie sztuki i kultury<\/p>\n\n\n\n<p><\/p>\n\n\n\n<p><\/p>\n\n\n\n<p><\/p>\n\n\n\n<p class=\"has-large-font-size\"><strong>REGULAMIN PROJEKTU <\/strong><\/p>\n\n\n\n<div class=\"wp-block-file\"><a id=\"wp-block-file--media-86da7007-bcdf-4160-9c1f-b4527511a719\" href=\"https:\/\/www.spmistow.com.pl\/mistow\/wp-content\/uploads\/2024\/02\/Regulamin-rekrutacji-1.doc\">Regulamin-rekrutacji-1<\/a><a href=\"https:\/\/www.spmistow.com.pl\/mistow\/wp-content\/uploads\/2024\/02\/Regulamin-rekrutacji-1.doc\" class=\"wp-block-file__button wp-element-button\" download aria-describedby=\"wp-block-file--media-86da7007-bcdf-4160-9c1f-b4527511a719\">Pobierz<\/a><\/div>\n","protected":false},"excerpt":{"rendered":"<p>Projekt \u201eMuzyka w wielu j\u0119zykach \u201d jest realizowany w ramach realizowana W RAMACH PROGRAMU FUNDUSZE EUROPEJSKIE DLA ROZWOJU SPO\u0141ECZNEGO 2021-2027 wsp\u00f3\u0142finansowanego z Europejskiego Funduszu Spo\u0142ecznego Plus na podstawie umowy 2023-1-PL01-KA122-SCH-000150174&nbsp; zawartej pomi\u0119dzy Fundacj\u0105 Rozwoju Systemu Edukacji a Szko\u0142\u0105 Podstawow\u0105 im. &nbsp;Jana Paw\u0142a II w Mistowie. Projekt trwa\u0107 b\u0119dzie 13 miesi\u0119cy \u2013 od 01.12.2023 \u2013 31.12.2024 <a href=\"https:\/\/www.spmistow.com.pl\/mistow\/projekt-muzyka-w-wielu-jezykach\/\" class=\"more-link\">Czytaj dalej...<span class=\"screen-reader-text\"> \"PROJEKT Muzyka w wielu j\u0119zykach\"<\/span><\/a><\/p>\n","protected":false},"author":1,"featured_media":0,"parent":0,"menu_order":0,"comment_status":"closed","ping_status":"closed","template":"","meta":{"footnotes":""},"_links":{"self":[{"href":"https:\/\/www.spmistow.com.pl\/mistow\/wp-json\/wp\/v2\/pages\/4570"}],"collection":[{"href":"https:\/\/www.spmistow.com.pl\/mistow\/wp-json\/wp\/v2\/pages"}],"about":[{"href":"https:\/\/www.spmistow.com.pl\/mistow\/wp-json\/wp\/v2\/types\/page"}],"author":[{"embeddable":true,"href":"https:\/\/www.spmistow.com.pl\/mistow\/wp-json\/wp\/v2\/users\/1"}],"replies":[{"embeddable":true,"href":"https:\/\/www.spmistow.com.pl\/mistow\/wp-json\/wp\/v2\/comments?post=4570"}],"version-history":[{"count":4,"href":"https:\/\/www.spmistow.com.pl\/mistow\/wp-json\/wp\/v2\/pages\/4570\/revisions"}],"predecessor-version":[{"id":4583,"href":"https:\/\/www.spmistow.com.pl\/mistow\/wp-json\/wp\/v2\/pages\/4570\/revisions\/4583"}],"wp:attachment":[{"href":"https:\/\/www.spmistow.com.pl\/mistow\/wp-json\/wp\/v2\/media?parent=4570"}],"curies":[{"name":"wp","href":"https:\/\/api.w.org\/{rel}","templated":true}]}}